{"id":55,"date":"2022-11-03T14:59:08","date_gmt":"2022-11-03T14:59:08","guid":{"rendered":"https:\/\/socasup.com\/?page_id=55"},"modified":"2022-11-19T18:16:21","modified_gmt":"2022-11-19T18:16:21","slug":"sostenibilita","status":"publish","type":"page","link":"https:\/\/socasup.com\/it\/sustainability\/","title":{"rendered":"Sostenibilit\u00e0"},"content":{"rendered":"<h2 class=\"wp-block-heading\">DICHIARAZIONE DI MISSIONE<\/h2>\n\n\n\n<p>Siamo un'agenzia di viaggi incoming orientata al futuro, la cui missione \u00e8 fornire ai nostri clienti un'esperienza unica e locale e aggiungere attivit\u00e0 alla nostra offerta locale. Lo facciamo promuovendo un impegno culturale ed ecologico attraverso uno stretto legame con i fornitori locali. Consideriamo nostro dovere lavorare direttamente con i fornitori, i clienti e la comunit\u00e0 in generale, promuovendo la sostenibilit\u00e0 attraverso l'educazione e la conservazione delle risorse culturali e naturali nelle nostre destinazioni.<\/p>\n\n\n\n<h2 class=\"wp-block-heading\">POLITICA DI SOSTENIBILIT\u00c0 DI LEP D.O.O.<\/h2>\n\n\n\n<p>Ci impegniamo a proteggere l'ambiente e a ridurre il nostro impatto negativo sulla natura. Ci impegniamo ad agire nel modo seguente per preservare l'ambiente:<\/p>\n\n\n\n<ul class=\"wp-block-list\">\n<li>rispettare la legislazione in materia di tutela ambientale,<\/li>\n\n\n\n<li>monitorare l'impatto delle nostre attivit\u00e0 sull'ambiente,<\/li>\n\n\n\n<li>soddisfare gli obiettivi e le misure stabilite nella politica di sostenibilit\u00e0,<\/li>\n\n\n\n<li>educare i dipendenti sulla nostra politica di sostenibilit\u00e0, sui nostri obiettivi e sulle nostre azioni<\/li>\n\n\n\n<li>informare gli ospiti e i fornitori dei nostri sforzi per ridurre gli impatti negativi della nostra attivit\u00e0 sull'ambiente e incoraggiarli a partecipare e a sostenerci,<\/li>\n\n\n\n<li>promuovere la mobilit\u00e0 sostenibile e altre pratiche rispettose dell'ambiente tra i nostri dipendenti.<\/li>\n<\/ul>\n\n\n\n<p>Prestiamo particolare attenzione alle seguenti aree:<\/p>\n\n\n\n<h3 class=\"wp-block-heading\">CONSUMO DI ENERGIA<\/h3>\n\n\n\n<p>La nostra azienda si impegna a migliorare continuamente le proprie prestazioni energetiche e a ridurre il profilo delle emissioni di gas serra.<\/p>\n\n\n\n<p>Per raggiungere gli obiettivi, l'azienda dovr\u00e0:<\/p>\n\n\n\n<ol class=\"wp-block-list\">\n<li>Ridurre la domanda di energia in tutte le sue attivit\u00e0:<\/li>\n<\/ol>\n\n\n\n<p>Elettrodomestici ed elettronica - Acquistate prodotti ad alta efficienza energetica e fateli funzionare in modo efficiente. Utilizzare una ciabatta avanzata per ridurre i \"carichi vampiro\", ovvero l'energia elettrica che viene sprecata quando i dispositivi elettronici non sono in uso. Illuminazione -&gt; Acquistate prodotti ad alta efficienza energetica, utilizzateli in modo efficiente e introducete una maggiore illuminazione diurna nel nostro ufficio utilizzando finestre e lucernari ad alta efficienza energetica. Riscaldamento e raffreddamento elettrico degli ambienti -&gt; Acquistare sistemi elettrici ad alta efficienza energetica e farli funzionare in modo efficiente. Isolare e sigillare adeguatamente il nostro ufficio.  Riscaldamento elettrico dell'acqua -&gt; Acquistare uno scaldabagno elettrico ad alta efficienza energetica e gestirlo in modo efficiente o scegliere uno scaldabagno ad alta efficienza energetica che non utilizzi elettricit\u00e0.<\/p>\n\n\n\n<ol class=\"wp-block-list\">\n<li>Utilizzare l'energia in modo pi\u00f9 efficiente<\/li>\n\n\n\n<li>Approvvigionamento energetico da fonti rinnovabili<\/li>\n\n\n\n<li>Monitorare, misurare e riportare i dati relativi al consumo e alla produzione di energia; e<\/li>\n\n\n\n<li>Promuovere la consapevolezza della responsabilit\u00e0 della conservazione dell'energia a tutto il personale, agli studenti e agli appaltatori.<\/li>\n<\/ol>\n\n\n\n<p>Affittiamo locali in un edificio per uffici dall'architettura ecologica, che riduce drasticamente il consumo di energia e di gas serra grazie a una scelta accurata dei materiali e a un'ingegneria impeccabile. La facciata ventilata in alluminio con isolamento termico, i vetri multistrato, la possibilit\u00e0 di aprire le finestre, il sistema di controllo centrale per il monitoraggio del raffreddamento\/riscaldamento e il teleriscaldamento contribuiscono ulteriormente a ridurre i costi operativi.<\/p>\n\n\n\n<h3 class=\"wp-block-heading\">CONSUMO DI ACQUA<\/h3>\n\n\n\n<p>In Lep d.o.o. usiamo l'acqua con attenzione. Vicino ai rubinetti di entrambi gli uffici ci sono adesivi colorati che incoraggiano il nostro personale a risparmiare acqua.<\/p>\n\n\n\n<h3 class=\"wp-block-heading\">GESTIONE DEI RIFIUTI<\/h3>\n\n\n\n<p>Ci impegniamo a ridurre la quantit\u00e0 di rifiuti prodotti in ufficio, in particolare la quantit\u00e0 di plastica. A tal fine, acquistiamo prodotti senza o con poca plastica.<br>imballaggio. I prodotti vengono acquistati all'ingrosso, ove possibile. Separiamo anche i nostri rifiuti (carta, plastica e imballaggi, vetro), che vengono poi smaltiti negli appositi contenitori cittadini e riciclati.<\/p>\n\n\n\n<h3 class=\"wp-block-heading\">CONSUMO DI ALTRE RISORSE (CARTA)<\/h3>\n\n\n\n<p>Lep d.o.o. sta riducendo il consumo di carta concentrandosi sul marketing digitale e sulla comunicazione online. La stampa dei materiali rimanenti viene pianificata con attenzione e precisione per evitare che rimangano materiali inutilizzati. Utilizziamo carta riciclata certificata.<\/p>\n\n\n\n<h3 class=\"wp-block-heading\">POLITICA DELLE RISORSE UMANE<\/h3>\n\n\n\n<p>Nella nostra azienda garantiamo buone condizioni di lavoro. Rispettiamo la legislazione nazionale e internazionale in materia di lavoro e diritti umani. I membri del personale ricevono regolarmente programmi di istruzione e formazione e sono consapevoli delle politiche, degli obiettivi e delle misure di sostenibilit\u00e0 dell'azienda.<\/p>\n\n\n\n<h3 class=\"wp-block-heading\">POLITICA DEGLI ACQUISTI<\/h3>\n\n\n\n<p>Nella nostra azienda Lep d.o.o. siamo consapevoli che acquistando beni e servizi locali contribuiamo al benessere della comunit\u00e0 locale. La nostra politica di acquisto privilegia quindi i prodotti locali, cos\u00ec come i prodotti responsabili dal punto di vista ambientale e quelli con certificati di sostenibilit\u00e0 (commercio equo e solidale, biologico, FSC, ecc.).<\/p>\n\n\n\n<h2 class=\"wp-block-heading\"><strong>OBIETTIVO GENERALE<\/strong><\/h2>\n\n\n\n<p>Vogliamo condividere la nostra passione per la Slovenia e la conoscenza della sua natura, della sua storia e della sua gente con i nostri ospiti, offrendo viaggi sostenibili che siano redditizi per la nostra azienda e vantaggiosi per le comunit\u00e0 locali e l'ambiente.<\/p>\n\n\n\n<p><strong>COMUNIT\u00c0 E CULTURA<\/strong><\/p>\n\n\n\n<p>- Gestire e sostenere progetti di conservazione ed educazione, nonch\u00e9 donare e sostenere enti di beneficenza e iniziative nelle comunit\u00e0 visitate.<\/p>\n\n\n\n<p>- Eseguire tour per massimizzare i benefici sul patrimonio culturale delle comunit\u00e0 visitate e incentivarle a mantenere e proteggere la loro cultura.<\/p>\n\n\n\n<p>- Sviluppare la capacit\u00e0 delle comunit\u00e0 ospitanti di guadagnarsi da vivere attraverso il turismo, sostenendole nell'inserimento in una rete turistica, nella comprensione del settore e nell'accesso al mercato.<\/p>\n\n\n\n<p><strong>RESPONSABILIT\u00c0 ECONOMICA<\/strong><\/p>\n\n\n\n<p>- Mantenere il denaro locale acquistando (per quanto possibile) in loco e soggiornando in pensioni e alberghi a conduzione familiare.<\/p>\n\n\n\n<p>- Fornire attivit\u00e0 di generazione di reddito attraverso l'assunzione, la formazione e l'incoraggiamento della popolazione locale a partecipare alla realizzazione dei nostri tour e delle nostre attivit\u00e0.<\/p>\n\n\n\n<p>- Incoraggiare i nostri ospiti ad acquistare prodotti e servizi locali.<\/p>\n\n\n\n<p><strong>RESPONSABILIT\u00c0 AMBIENTALE<\/strong><\/p>\n\n\n\n<p>- Fornire tour di alta qualit\u00e0 e rispettosi dell'ambiente grazie al nostro approccio leader nella formazione delle nostre guide per soddisfare gli standard internazionali di guida.<\/p>\n\n\n\n<p>- Sensibilizzare le comunit\u00e0 locali sull'importanza di proteggere il patrimonio naturale della Slovenia.<\/p>\n\n\n\n<p>- Sostenere e avviare progetti di riforestazione e conservazione a livello locale.<\/p>\n\n\n\n<p><strong>INDUSTRIA DEL TURISMO<\/strong><\/p>\n\n\n\n<p>- Sostenere un approccio responsabile allo sviluppo del turismo<\/p>\n\n\n\n<p><strong>IL NOSTRO TEAM<\/strong><\/p>\n\n\n\n<p>- Fornire esperienze lavorative gratificanti ai nostri giovani dipendenti<\/p>\n\n\n\n<p>- Obiettivi personali: continuiamo a sostenere il personale nel perseguimento di obiettivi personali.<\/p>\n\n\n\n<p>- Lavoro flessibile: continuiamo a fornire un ambiente di lavoro flessibile e, ad oggi, tutte le richieste del personale di modificare i propri schemi di lavoro sono state approvate.<\/p>\n\n\n\n<p>- Formazione: contributo di 50% ai costi di formazione delle guide per 2 nuove guide entro il 2023.<\/p>\n\n\n\n<p><strong>I NOSTRI CLIENTI<\/strong><\/p>\n\n\n\n<p>- Migliorare la comunicazione sugli aspetti responsabili dei nostri tour.<\/p>\n\n\n\n<p>- Incoraggiare i contributi dei nostri ospiti per sostenere i bambini locali provenienti da famiglie in difficolt\u00e0. Raggiungere i 10000\u20ac di donazioni entro il 2024.<\/p>\n\n\n\n<h3 class=\"wp-block-heading\">PREMIO PARTNER DI VIAGGIO<\/h3>\n\n\n\n<figure class=\"wp-block-image\"><img decoding=\"async\" src=\"https:\/\/960335.smushcdn.com\/2779545\/wp-content\/uploads\/partner-300x117.webp?lossy=1&amp;strip=1&amp;webp=1\" alt=\"\" class=\"wp-image-3451\"\/><\/figure>\n\n\n\n<p>Il premio Travelife Partner \u00e8 un riconoscimento del nostro impegno verso la sostenibilit\u00e0 sociale e ambientale. Stiamo rispettando, sulla base di un'autovalutazione verificata, pi\u00f9 di 100 criteri relativi alla gestione della sostenibilit\u00e0, alle operazioni in ufficio, alla collaborazione con i fornitori e alla comunicazione con i clienti. Stiamo lavorando per ulteriori miglioramenti, con l'obiettivo di raggiungere la fase di certificazione Travelife, verificata da terzi.<\/p>\n\n\n\n<p>Il team di Lep d.o.o. \u00e8 lieto di annunciare che siamo impegnati con la&nbsp;<strong>Travelife per Tour Operator e Agenzie di Viaggio<\/strong>&nbsp;programma. Travelife \u00e8 un programma di formazione, gestione e certificazione della sostenibilit\u00e0 nel turismo riconosciuto a livello internazionale e accreditato dal GSTC-Global Sustainable Tourism Council. Si tratta di un programma di certificazione in tre fasi per tour operator e agenti di viaggio: (1) Travelife Engaged; (2) Travelife Partner e (3) Travelife Certified.<strong>&nbsp;Il partner Travelife<\/strong>&nbsp;\u00e8 il riconoscimento del nostro impegno verso la sostenibilit\u00e0 sociale e ambientale. Ci stiamo impegnando per ulteriori miglioramenti, con l'obiettivo di arrivare a soddisfare i criteri della certificazione Travelife.<\/p>\n\n\n\n<p>I nostri risultati in materia di sostenibilit\u00e0 sono raccolti nel presente Rapporto di sostenibilit\u00e0.<\/p>","protected":false},"excerpt":{"rendered":"<p>MISSION STATEMENT Siamo un'agenzia di viaggi incoming orientata al futuro, la cui missione \u00e8 fornire ai nostri clienti un'esperienza unica e locale e aggiungere attivit\u00e0 alla nostra offerta locale. Lo facciamo promuovendo un impegno culturale ed ecologico attraverso uno stretto legame con i fornitori locali. Consideriamo nostro dovere lavorare direttamente con i fornitori, ... <a href=\"https:\/\/socasup.com\/it\/sustainability\/\">Continua<\/a><\/p>","protected":false},"author":42,"featured_media":0,"parent":0,"menu_order":0,"comment_status":"open","ping_status":"open","template":"","meta":{"_acf_changed":false,"footnotes":""},"class_list":["post-55","page","type-page","status-publish","hentry"],"acf":{"page_subheading":"A healthy environment is essential to continue our work, which is why we choose sustainable practices and environmentally friendly ways to do it."},"_links":{"self":[{"href":"https:\/\/socasup.com\/it\/wp-json\/wp\/v2\/pages\/55","targetHints":{"allow":["GET"]}}],"collection":[{"href":"https:\/\/socasup.com\/it\/wp-json\/wp\/v2\/pages"}],"about":[{"href":"https:\/\/socasup.com\/it\/wp-json\/wp\/v2\/types\/page"}],"author":[{"embeddable":true,"href":"https:\/\/socasup.com\/it\/wp-json\/wp\/v2\/users\/42"}],"replies":[{"embeddable":true,"href":"https:\/\/socasup.com\/it\/wp-json\/wp\/v2\/comments?post=55"}],"version-history":[{"count":1,"href":"https:\/\/socasup.com\/it\/wp-json\/wp\/v2\/pages\/55\/revisions"}],"predecessor-version":[{"id":116,"href":"https:\/\/socasup.com\/it\/wp-json\/wp\/v2\/pages\/55\/revisions\/116"}],"wp:attachment":[{"href":"https:\/\/socasup.com\/it\/wp-json\/wp\/v2\/media?parent=55"}],"curies":[{"name":"wp","href":"https:\/\/api.w.org\/{rel}","templated":true}]}}