{"id":56,"date":"2022-11-03T14:59:08","date_gmt":"2022-11-03T14:59:08","guid":{"rendered":"https:\/\/socasup.com\/?page_id=56"},"modified":"2022-11-19T18:16:06","modified_gmt":"2022-11-19T18:16:06","slug":"socios","status":"publish","type":"page","link":"https:\/\/socasup.com\/es\/partners\/","title":{"rendered":"Socios"},"content":{"rendered":"<p><strong><a href=\"https:\/\/slovenia-holidays.com\/\" target=\"_blank\" rel=\"noreferrer noopener\">VACACIONES EN ESLOVENIA<\/a><\/strong><\/p>\n\n\n\n<p>La mayor variedad de vacaciones en Eslovenia. Desde paquetes activos y de aventura hasta viajes organizados con actividades al aire libre, desde vacaciones familiares y escapadas relajadas a ciudades hasta vacaciones de lujo y a medida. Sea cual sea su preferencia, Slovenia Holidays le ofrece los mejores viajes guiados y autoguiados.<\/p>\n\n\n\n<p><strong><a href=\"https:\/\/slovenia-activites.com\/\" target=\"_blank\" rel=\"noreferrer noopener\">ACTIVIDADES EN ESLOVENIA<\/a><\/strong><\/p>\n\n\n\n<p>Slovenia Activities le abre las puertas a las mejores experiencias que Eslovenia le reserva. Nos aseguramos de que disfrute al m\u00e1ximo del excepcional potencial de nuestro pa\u00eds. Ya sea practicando una determinada actividad al aire libre, embarc\u00e1ndose en un viaje culinario u optando por una combinaci\u00f3n de pasatiempos relajantes y sus variantes m\u00e1s emocionantes: \u00a1la aventura comienza aqu\u00ed!&nbsp;&nbsp;<\/p>\n\n\n\n<p><strong><a href=\"https:\/\/day-trips-slovenia.com\/\" target=\"_blank\" rel=\"noreferrer noopener\">EXCURSIONES DE UN D\u00cdA ESLOVENIA<\/a><\/strong><\/p>\n\n\n\n<p>Excursiones de un d\u00eda en grupos reducidos y viajes privados desde Liubliana, Bled, Koper, Zagreb y Venecia para conocer los mejores lugares de Eslovenia en combinaci\u00f3n con excursiones de un d\u00eda a las vecinas Croacia e Italia.<\/p>\n\n\n\n<p><strong><a href=\"https:\/\/fishing-guides-slovenia.com\/\" target=\"_blank\" rel=\"noreferrer noopener\">GU\u00cdAS DE PESCA ESLOVENIA<\/a><\/strong><\/p>\n\n\n\n<p>Una experiencia de pesca inolvidable (viaje y vacaciones, alquiler de equipos) con pescadores locales en bellos rincones de Eslovenia.<\/p>\n\n\n\n<p><strong><a href=\"https:\/\/wine-tours-slovenia.com\/\" target=\"_blank\" rel=\"noreferrer noopener\">ENOTURISMO ESLOVENIA<\/a><\/strong><\/p>\n\n\n\n<p>Las Rutas del Vino son perfectas tanto para principiantes como para expertos catadores. No se necesitan conocimientos previos. Lo \u00fanico que se requiere son ganas de relajarse, beber vino y relajarse un poco m\u00e1s.<\/p>\n\n\n\n<p>No hay mejor manera de conocer de primera mano la rica tradici\u00f3n vin\u00edcola de Eslovenia, relacionarse con otros viajeros y degustar los despojos de la naturaleza en un solo d\u00eda.<\/p>\n\n\n\n<p><strong><a href=\"https:\/\/biketourljubljana.com\/\" target=\"_blank\" rel=\"noreferrer noopener\">TOUR EN BICICLETA POR LJUBLJANA<\/a><\/strong><\/p>\n\n\n\n<p>Una forma relajada, vibrante y divertida de recorrer los escenarios y el rico patrimonio cultural de Liubliana. Adem\u00e1s de hermosas vistas, tambi\u00e9n compartiremos intrigantes historias del pasado, as\u00ed como la actualidad de la ciudad.<\/p>\n\n\n\n<p><a href=\"https:\/\/walking-holidays-slovenia.com\/\"><strong>VACACIONES A PIE ESLOVENIA<\/strong><\/a><\/p>\n\n\n\n<p>Nuestras vacaciones a pie en Eslovenia son para quienes disfrutan pasando el tiempo al aire libre, descubriendo las atracciones de Eslovenia a las que no se puede llegar en coche. Desde paseos a lo largo de r\u00edos v\u00edrgenes hasta excursiones de aventura por las monta\u00f1as.<\/p>\n\n\n\n<p><a href=\"https:\/\/huttohuthikingslovenia.com\/\"><strong>SENDERISMO DE CABA\u00d1A EN CABA\u00d1A ESLOVENIA<\/strong><\/a><\/p>\n\n\n\n<p>Experimente la magia del senderismo entre caba\u00f1as en las monta\u00f1as eslovenas. Entre las cumbres de los Alpes Julianos y la naturaleza virgen del Parque Nacional de Triglav, no hay mejor lugar para despertarse que con un amanecer en la monta\u00f1a.<\/p>\n\n\n\n<p><a href=\"https:\/\/triglavtours.com\/\"><strong>TRIGLAV TOURS<\/strong><\/a><\/p>\n\n\n\n<p>Conquiste el pico m\u00e1s alto de los Alpes Julianos y la monta\u00f1a m\u00e1s alta de Eslovenia. Con la ayuda de nuestros experimentados gu\u00edas de monta\u00f1a profesionales, escalar el Triglav nunca ha sido tan agradable y seguro.<\/p>\n\n\n\n<p><a href=\"https:\/\/slovenia-fly-fishing.com\/\"><strong>ESLOVENIA PESCA A MOSCA<\/strong><\/a><\/p>\n\n\n\n<p>Eslovenia es un pa\u00eds lleno de r\u00edos repletos de peces que se extienden por diversos paisajes enclavados entre monta\u00f1as, llanuras y el mar. Con la ayuda de nuestros expertos gu\u00edas de pesca locales, la pesca con mosca en Eslovenia ser\u00e1 una experiencia inolvidable.<\/p>\n\n\n\n<p><strong><a href=\"https:\/\/thebalkantours.com\/\">GIRA POR LOS BALCANES<\/a><\/strong><\/p>\n\n\n\n<p>Vacaciones inolvidables por los pa\u00edses balc\u00e1nicos.<\/p>\n\n\n\n<p><strong><a href=\"https:\/\/shoreexcursionskoper.com\/\" target=\"_blank\" rel=\"noreferrer noopener\">EXCURSIONES EN TIERRA KOPER<\/a><\/strong><\/p>\n\n\n\n<p>Las mejores excursiones guiadas en tierra desde Koper por Eslovenia para descubrir tanto sus principales atracciones como sus joyas ocultas.<\/p>\n\n\n\n<p><strong><a href=\"https:\/\/hvarstagdo.com\/\" target=\"_blank\" rel=\"noreferrer noopener\">HVAR STAG DO<\/a><\/strong><\/p>\n\n\n\n<p>El mejor lugar para organizar una despedida de soltero inolvidable en la incre\u00edble isla de Hvar para regalarle a tu amigo unas \u00faltimas noches de fiesta antes de que se case.<\/p>\n\n\n\n<p><strong><a href=\"https:\/\/sloveniaprivatetours.com\/\" target=\"_blank\" rel=\"noreferrer noopener\">ESLOVENIA VIAJES PRIVADOS<\/a><\/strong><\/p>\n\n\n\n<p>Los Tours Privados por Eslovenia son su oportunidad de experimentar nuestro pa\u00eds completamente libre de estr\u00e9s, disfrutando de la compa\u00f1\u00eda de un conductor y gu\u00eda local profesional que le mostrar\u00e1 lo que es Eslovenia.<\/p>","protected":false},"excerpt":{"rendered":"<p>VACACIONES EN ESLOVENIA La mayor variedad de vacaciones en Eslovenia. Desde paquetes activos y de aventura hasta viajes organizados con actividades al aire libre, desde vacaciones familiares y escapadas relajadas a ciudades hasta vacaciones de lujo y a medida. Sea cual sea su preferencia, Slovenia Holidays le ofrece los mejores viajes guiados y autoguiados. ACTIVIDADES EN ESLOVENIA Actividades en Eslovenia le abre las puertas a ... <a href=\"https:\/\/socasup.com\/es\/partners\/\">Contin\u00faa en<\/a><\/p>","protected":false},"author":42,"featured_media":0,"parent":0,"menu_order":0,"comment_status":"open","ping_status":"open","template":"","meta":{"_acf_changed":false,"footnotes":""},"class_list":["post-56","page","type-page","status-publish","hentry"],"acf":{"page_subheading":"We are stronger together."},"_links":{"self":[{"href":"https:\/\/socasup.com\/es\/wp-json\/wp\/v2\/pages\/56","targetHints":{"allow":["GET"]}}],"collection":[{"href":"https:\/\/socasup.com\/es\/wp-json\/wp\/v2\/pages"}],"about":[{"href":"https:\/\/socasup.com\/es\/wp-json\/wp\/v2\/types\/page"}],"author":[{"embeddable":true,"href":"https:\/\/socasup.com\/es\/wp-json\/wp\/v2\/users\/42"}],"replies":[{"embeddable":true,"href":"https:\/\/socasup.com\/es\/wp-json\/wp\/v2\/comments?post=56"}],"version-history":[{"count":1,"href":"https:\/\/socasup.com\/es\/wp-json\/wp\/v2\/pages\/56\/revisions"}],"predecessor-version":[{"id":114,"href":"https:\/\/socasup.com\/es\/wp-json\/wp\/v2\/pages\/56\/revisions\/114"}],"wp:attachment":[{"href":"https:\/\/socasup.com\/es\/wp-json\/wp\/v2\/media?parent=56"}],"curies":[{"name":"wp","href":"https:\/\/api.w.org\/{rel}","templated":true}]}}