{"id":49,"date":"2022-11-03T14:59:08","date_gmt":"2022-11-03T14:59:08","guid":{"rendered":"https:\/\/socasup.com\/?page_id=49"},"modified":"2022-11-19T18:15:57","modified_gmt":"2022-11-19T18:15:57","slug":"politica-de-cookies","status":"publish","type":"page","link":"https:\/\/socasup.com\/es\/cookie-policy\/","title":{"rendered":"Pol\u00edtica de cookies"},"content":{"rendered":"<p>Esta Pol\u00edtica de Cookies explica qu\u00e9 son las cookies y c\u00f3mo las utilizamos. Debe leer esta pol\u00edtica para entender qu\u00e9 son las cookies, c\u00f3mo las utilizamos, los tipos de cookies que utilizamos, es decir, la informaci\u00f3n que recopilamos utilizando cookies y c\u00f3mo se utiliza esa informaci\u00f3n y c\u00f3mo controlar las preferencias de cookies. Para m\u00e1s informaci\u00f3n sobre c\u00f3mo utilizamos, almacenamos y mantenemos seguros sus datos personales, consulte nuestra Pol\u00edtica de privacidad.<br><br>En cualquier momento puede modificar o retirar su consentimiento en la Declaraci\u00f3n de Cookies de nuestro sitio web.<br><br>Obtenga m\u00e1s informaci\u00f3n sobre qui\u00e9nes somos, c\u00f3mo puede ponerse en contacto con nosotros y c\u00f3mo tratamos los datos personales en nuestra Pol\u00edtica de privacidad.<br><br>&nbsp;Su consentimiento s\u00f3lo se aplica a este dominio.<\/p>\n\n\n\n<h4 class=\"wp-block-heading\">\u00bfQU\u00c9 SON LAS COOKIES?<\/h4>\n\n\n\n<p>Las cookies son peque\u00f1os archivos de texto que se utilizan para almacenar peque\u00f1as piezas de informaci\u00f3n. Las cookies se almacenan en su dispositivo cuando se carga el sitio web en su navegador. Estas cookies nos ayudan a hacer que el sitio web funcione correctamente, a que el sitio web sea m\u00e1s seguro, a proporcionar una mejor experiencia de usuario y a entender c\u00f3mo funciona el sitio web y analizar qu\u00e9 funciona y en qu\u00e9 aspectos necesita mejoras.<\/p>\n\n\n\n<h4 class=\"wp-block-heading\">\u00bfC\u00d3MO UTILIZAMOS LAS COOKIES?<\/h4>\n\n\n\n<p>Como la mayor\u00eda de los servicios en l\u00ednea, nuestro sitio web utiliza cookies propias y de terceros para diversos fines. Las cookies de origen son en su mayor\u00eda necesarias para que el sitio web funcione correctamente y no recopilan ning\u00fan dato personal identificable.<br><br>Las cookies de terceros utilizadas en nuestros sitios web se emplean principalmente para comprender el funcionamiento del sitio web, c\u00f3mo interact\u00faa usted con nuestro sitio web, mantener la seguridad de nuestros servicios, ofrecer anuncios que sean relevantes para usted y, en definitiva, proporcionarle una experiencia de usuario mejor y m\u00e1s r\u00e1pida y ayudarle a agilizar sus futuras interacciones con nuestro sitio web.<\/p>\n\n\n\n<h4 class=\"wp-block-heading\">\u00bfC\u00d3MO PUEDO CONTROLAR LAS PREFERENCIAS DE COOKIES?<\/h4>\n\n\n\n<p>Puede gestionar sus preferencias de cookies haciendo clic en el bot\u00f3n \"Configuraci\u00f3n\" y activando o desactivando las categor\u00edas de cookies en la ventana emergente seg\u00fan sus preferencias.<br><br>Si decide cambiar sus preferencias m\u00e1s adelante durante su sesi\u00f3n de navegaci\u00f3n, puede hacer clic en la pesta\u00f1a \"Pol\u00edtica de privacidad y cookies\" de su pantalla. Aparecer\u00e1 de nuevo el aviso de consentimiento, que le permitir\u00e1 cambiar sus preferencias o retirar totalmente su consentimiento.<br><br>Adem\u00e1s, los distintos navegadores ofrecen diferentes m\u00e9todos para bloquear y eliminar las cookies utilizadas por los sitios web. Puede cambiar la configuraci\u00f3n de su navegador para bloquear\/eliminar las cookies.<\/p>","protected":false},"excerpt":{"rendered":"<p>Esta Pol\u00edtica de Cookies explica qu\u00e9 son las cookies y c\u00f3mo las utilizamos. Debe leer esta pol\u00edtica para entender qu\u00e9 son las cookies, c\u00f3mo las utilizamos, los tipos de cookies que utilizamos, es decir, la informaci\u00f3n que recopilamos utilizando cookies y c\u00f3mo se utiliza esa informaci\u00f3n y c\u00f3mo controlar las preferencias de cookies. Para m\u00e1s informaci\u00f3n ... <a href=\"https:\/\/socasup.com\/es\/cookie-policy\/\">Contin\u00faa en<\/a><\/p>","protected":false},"author":42,"featured_media":0,"parent":0,"menu_order":0,"comment_status":"open","ping_status":"open","template":"","meta":{"_acf_changed":false,"footnotes":""},"class_list":["post-49","page","type-page","status-publish","hentry"],"acf":{"page_subheading":"Understand what cookies are and how do we use them to make your experience on this website more pleasant."},"_links":{"self":[{"href":"https:\/\/socasup.com\/es\/wp-json\/wp\/v2\/pages\/49","targetHints":{"allow":["GET"]}}],"collection":[{"href":"https:\/\/socasup.com\/es\/wp-json\/wp\/v2\/pages"}],"about":[{"href":"https:\/\/socasup.com\/es\/wp-json\/wp\/v2\/types\/page"}],"author":[{"embeddable":true,"href":"https:\/\/socasup.com\/es\/wp-json\/wp\/v2\/users\/42"}],"replies":[{"embeddable":true,"href":"https:\/\/socasup.com\/es\/wp-json\/wp\/v2\/comments?post=49"}],"version-history":[{"count":1,"href":"https:\/\/socasup.com\/es\/wp-json\/wp\/v2\/pages\/49\/revisions"}],"predecessor-version":[{"id":113,"href":"https:\/\/socasup.com\/es\/wp-json\/wp\/v2\/pages\/49\/revisions\/113"}],"wp:attachment":[{"href":"https:\/\/socasup.com\/es\/wp-json\/wp\/v2\/media?parent=49"}],"curies":[{"name":"wp","href":"https:\/\/api.w.org\/{rel}","templated":true}]}}